{"id":314,"date":"2024-08-31T22:12:08","date_gmt":"2024-08-31T20:12:08","guid":{"rendered":"http:\/\/www.ecrirealoreille.fr\/?page_id=314"},"modified":"2025-08-31T17:36:04","modified_gmt":"2025-08-31T15:36:04","slug":"bio","status":"publish","type":"page","link":"https:\/\/www.ecrirealoreille.fr\/index.php\/bio\/","title":{"rendered":"A propos"},"content":{"rendered":"\n<p><\/p>\n\n\n\n<div class=\"wp-block-media-text has-media-on-the-right is-stacked-on-mobile has-background\" style=\"background:linear-gradient(135deg,rgba(27,40,46,0.98) 0%,rgba(49,47,51,0.05) 100%);grid-template-columns:auto 40%\"><div class=\"wp-block-media-text__content\">\n<p class=\"has-alegreya-font-family has-superbfont-small-font-size\" style=\"letter-spacing:1.5px;line-height:1.2\"><br>Guid\u00e9e par ma curiosit\u00e9 et l&rsquo;envie de d\u00e9couvrir des mondes et des chemins diff\u00e9rents, je con\u00e7ois \u00ab\u00a0sur mesure\u00a0\u00bb et anime depuis 22 ans, des ateliers d&rsquo;\u00e9criture et d&rsquo;expression aupr\u00e8s de publics tr\u00e8s divers, dans des contextes vari\u00e9s (personnes en situation de handicap physique ou psychique, personnes en milieu carc\u00e9ral, pour un cabinet de conseil en entreprise, pour des projets de ville, des associations,  des m\u00e9diath\u00e8ques, des M.J.C&#8230;.)<\/p>\n\n\n\n<p class=\"has-alegreya-font-family has-superbfont-small-font-size\" style=\"letter-spacing:1.5px;line-height:1.2\">Fid\u00e8le de radio depuis mon adolescence, et anciennement intervenante et programmatrice cin\u00e9ma, je me tourne vers la cr\u00e9ation sonore, et \u00e0 partir de 2007, j&rsquo;exp\u00e9rimente le son, l&rsquo;\u00e9criture avec et par le son, et je l&rsquo;int\u00e8gre \u00e0 mes ateliers :  \u00e0 travers le collectage de r\u00e9cits, de \u00ab&nbsp;m\u00e9moires de quartiers&nbsp;\u00bb et \u00e0 travers la r\u00e9alisation de vignettes sonores qui restituent autant les textes produits en atelier que la vie de l&rsquo;atelier lui-m\u00eame.<\/p>\n\n\n\n<p class=\"has-alegreya-font-family has-superbfont-small-font-size\" style=\"letter-spacing:1.5px;line-height:1.2\">2023, je me perfectionne en montage et mixage, et je d\u00e9couvre avec \u00e9merveillement la composition \u00e9lectroacoustique \u00e0 l&rsquo;Ecole nationale de musique de Villeurbanne&#8230; Un vaste terrain de jeux o\u00f9 s&rsquo;enrichit ma pratique et se construisent de nouveaux ateliers.<\/p>\n\n\n\n<p class=\"has-alegreya-font-family has-superbfont-small-font-size\" style=\"letter-spacing:1.5px;line-height:1.2\">Depuis 14 ans, j&rsquo;\u00e9cris de la po\u00e9sie, des <a href=\"https:\/\/www.facebook.com\/profile.php?id=61579332721508\">chansons<\/a>, des r\u00e9cits (dont quelques-uns publi\u00e9s dans des revues), et mets en sc\u00e8ne des lectures de ces textes ou des textes d&rsquo;ateliers.<\/p>\n\n\n\n<p class=\"has-alegreya-font-family has-superbfont-small-font-size\" style=\"letter-spacing:1.5px;line-height:1.2\">2025, Cr\u00e9ation du recueil Carlingue foutraque <\/p>\n\n\n\n<p><\/p>\n\n\n\n<p class=\"has-alegreya-font-family has-superbfont-small-font-size\" style=\"letter-spacing:1.5px;line-height:1.2\">R\u00e9alisations sonores : bienvenue sur nathaliechocron.fr <\/p>\n\n\n\n<p class=\"has-alegreya-font-family has-superbfont-small-font-size\" style=\"letter-spacing:1.5px;line-height:1.2\"><\/p>\n\n\n\n<p class=\"has-alegreya-font-family has-superbfont-small-font-size\" style=\"letter-spacing:1.5px;line-height:1.2\"><\/p>\n<\/div><figure class=\"wp-block-media-text__media\"><img loading=\"lazy\" decoding=\"async\" width=\"653\" height=\"418\" src=\"http:\/\/www.ecrirealoreille.fr\/wp-content\/uploads\/2024\/12\/aproposbleu-2.png\" alt=\"\" class=\"wp-image-817 size-full\" srcset=\"https:\/\/www.ecrirealoreille.fr\/wp-content\/uploads\/2024\/12\/aproposbleu-2.png 653w, https:\/\/www.ecrirealoreille.fr\/wp-content\/uploads\/2024\/12\/aproposbleu-2-300x192.png 300w\" sizes=\"auto, (max-width: 653px) 100vw, 653px\" \/><\/figure><\/div>\n","protected":false},"excerpt":{"rendered":"<p>Guid\u00e9e par ma curiosit\u00e9 et l&rsquo;envie de d\u00e9couvrir des mondes et des chemins diff\u00e9rents, je con\u00e7ois \u00ab\u00a0sur mesure\u00a0\u00bb et anime depuis 22 ans, des ateliers d&rsquo;\u00e9criture et d&rsquo;expression aupr\u00e8s de publics tr\u00e8s divers, dans des contextes vari\u00e9s (personnes en situation de handicap physique ou psychique, personnes en milieu carc\u00e9ral, pour un cabinet de conseil en [&hellip;]<\/p>\n","protected":false},"author":1,"featured_media":0,"parent":0,"menu_order":0,"comment_status":"closed","ping_status":"closed","template":"","meta":{"footnotes":""},"class_list":["post-314","page","type-page","status-publish","hentry"],"_links":{"self":[{"href":"https:\/\/www.ecrirealoreille.fr\/index.php\/wp-json\/wp\/v2\/pages\/314","targetHints":{"allow":["GET"]}}],"collection":[{"href":"https:\/\/www.ecrirealoreille.fr\/index.php\/wp-json\/wp\/v2\/pages"}],"about":[{"href":"https:\/\/www.ecrirealoreille.fr\/index.php\/wp-json\/wp\/v2\/types\/page"}],"author":[{"embeddable":true,"href":"https:\/\/www.ecrirealoreille.fr\/index.php\/wp-json\/wp\/v2\/users\/1"}],"replies":[{"embeddable":true,"href":"https:\/\/www.ecrirealoreille.fr\/index.php\/wp-json\/wp\/v2\/comments?post=314"}],"version-history":[{"count":30,"href":"https:\/\/www.ecrirealoreille.fr\/index.php\/wp-json\/wp\/v2\/pages\/314\/revisions"}],"predecessor-version":[{"id":1144,"href":"https:\/\/www.ecrirealoreille.fr\/index.php\/wp-json\/wp\/v2\/pages\/314\/revisions\/1144"}],"wp:attachment":[{"href":"https:\/\/www.ecrirealoreille.fr\/index.php\/wp-json\/wp\/v2\/media?parent=314"}],"curies":[{"name":"wp","href":"https:\/\/api.w.org\/{rel}","templated":true}]}}